{"id":379,"date":"2019-01-13T20:45:49","date_gmt":"2019-01-13T20:45:49","guid":{"rendered":"http:\/\/themes.thememasters.club\/exqute\/?page_id=379"},"modified":"2025-11-21T16:25:05","modified_gmt":"2025-11-21T13:25:05","slug":"iletisim","status":"publish","type":"page","link":"https:\/\/www.malatyatrendhaliyikama.com\/index.php\/iletisim\/","title":{"rendered":"\u0130leti\u015fim"},"content":{"rendered":"\t\t<div data-elementor-type=\"wp-post\" data-elementor-id=\"379\" class=\"elementor elementor-379\">\n\t\t\t\t\t\t<section class=\"elementor-section elementor-top-section elementor-element elementor-element-942c012 elementor-section-full_width elementor-section-height-default elementor-section-height-default\" data-id=\"942c012\" data-element_type=\"section\" data-settings=\"{&quot;shape_divider_bottom&quot;:&quot;waves&quot;}\">\n\t\t\t\t\t<div class=\"elementor-shape elementor-shape-bottom\" data-negative=\"false\">\n\t\t\t<svg xmlns=\"http:\/\/www.w3.org\/2000\/svg\" viewBox=\"0 0 1000 100\" preserveAspectRatio=\"none\">\n\t<path class=\"elementor-shape-fill\" d=\"M421.9,6.5c22.6-2.5,51.5,0.4,75.5,5.3c23.6,4.9,70.9,23.5,100.5,35.7c75.8,32.2,133.7,44.5,192.6,49.7\n\tc23.6,2.1,48.7,3.5,103.4-2.5c54.7-6,106.2-25.6,106.2-25.6V0H0v30.3c0,0,72,32.6,158.4,30.5c39.2-0.7,92.8-6.7,134-22.4\n\tc21.2-8.1,52.2-18.2,79.7-24.2C399.3,7.9,411.6,7.5,421.9,6.5z\"\/>\n<\/svg>\t\t<\/div>\n\t\t\t\t\t<div class=\"elementor-container elementor-column-gap-no\">\n\t\t\t\t\t<div class=\"elementor-column elementor-col-100 elementor-top-column elementor-element elementor-element-fa4cc48\" data-id=\"fa4cc48\" data-element_type=\"column\">\n\t\t\t<div class=\"elementor-widget-wrap\">\n\t\t\t\t\t\t\t<\/div>\n\t\t<\/div>\n\t\t\t\t\t<\/div>\n\t\t<\/section>\n\t\t<div class=\"elementor-element elementor-element-c444dad e-flex e-con-boxed e-con e-parent\" data-id=\"c444dad\" data-element_type=\"container\">\n\t\t\t\t\t<div class=\"e-con-inner\">\n\t\t\t\t<div class=\"elementor-element elementor-element-d818ba7 elementor-widget elementor-widget-html\" data-id=\"d818ba7\" data-element_type=\"widget\" data-widget_type=\"html.default\">\n\t\t\t\t<div class=\"elementor-widget-container\">\n\t\t\t\t\t<iframe src=\"https:\/\/www.google.com\/maps\/embed?pb=!1m18!1m12!1m3!1d804011.1659124198!2d37.625108120536986!3d38.07809793558083!2m3!1f0!2f0!3f0!3m2!1i1024!2i768!4f13.1!3m3!1m2!1s0xa16a0c3e5332d205%3A0x8cc9e2a0d639cb30!2sTrend%20Hal%C4%B1%20Y%C4%B1kama%20-%20Malatya%20Hal%C4%B1%20ve%20Koltuk%20Y%C4%B1kama!5e0!3m2!1str!2str!4v1763731389478!5m2!1str!2str\" width=\"600\" height=\"450\" style=\"border:0;\" allowfullscreen=\"\" loading=\"lazy\" referrerpolicy=\"no-referrer-when-downgrade\"><\/iframe>\t\t\t\t<\/div>\n\t\t\t\t<\/div>\n\t\t\t\t\t<\/div>\n\t\t\t\t<\/div>\n\t\t\t\t<section class=\"elementor-section elementor-top-section elementor-element elementor-element-49a9860a elementor-section-boxed elementor-section-height-default elementor-section-height-default\" data-id=\"49a9860a\" data-element_type=\"section\">\n\t\t\t\t\t\t<div class=\"elementor-container elementor-column-gap-no\">\n\t\t\t\t\t<div class=\"elementor-column elementor-col-100 elementor-top-column elementor-element elementor-element-275cda27\" data-id=\"275cda27\" data-element_type=\"column\">\n\t\t\t<div class=\"elementor-widget-wrap elementor-element-populated\">\n\t\t\t\t\t\t<section class=\"elementor-section elementor-inner-section elementor-element elementor-element-36986cb elementor-section-boxed elementor-section-height-default elementor-section-height-default\" data-id=\"36986cb\" data-element_type=\"section\">\n\t\t\t\t\t\t<div class=\"elementor-container elementor-column-gap-default\">\n\t\t\t\t\t<div class=\"elementor-column elementor-col-100 elementor-inner-column elementor-element elementor-element-3dcb56c2\" data-id=\"3dcb56c2\" data-element_type=\"column\">\n\t\t\t<div class=\"elementor-widget-wrap elementor-element-populated\">\n\t\t\t\t\t\t<div class=\"elementor-element elementor-element-27269165 elementor-icon-list--layout-traditional elementor-list-item-link-full_width elementor-widget elementor-widget-icon-list\" data-id=\"27269165\" data-element_type=\"widget\" data-widget_type=\"icon-list.default\">\n\t\t\t\t<div class=\"elementor-widget-container\">\n\t\t\t\t\t\t\t<ul class=\"elementor-icon-list-items\">\n\t\t\t\t\t\t\t<li class=\"elementor-icon-list-item\">\n\t\t\t\t\t\t\t\t\t\t\t<span class=\"elementor-icon-list-icon\">\n\t\t\t\t\t\t\t<svg aria-hidden=\"true\" class=\"e-font-icon-svg e-fas-map\" viewBox=\"0 0 576 512\" xmlns=\"http:\/\/www.w3.org\/2000\/svg\"><path d=\"M0 117.66v346.32c0 11.32 11.43 19.06 21.94 14.86L160 416V32L20.12 87.95A32.006 32.006 0 0 0 0 117.66zM192 416l192 64V96L192 32v384zM554.06 33.16L416 96v384l139.88-55.95A31.996 31.996 0 0 0 576 394.34V48.02c0-11.32-11.43-19.06-21.94-14.86z\"><\/path><\/svg>\t\t\t\t\t\t<\/span>\n\t\t\t\t\t\t\t\t\t\t<span class=\"elementor-icon-list-text\">Hoca Ahmet Yesevi Caddesi, suffe Sokak No:13\/ 3, 44080 Ye\u015filyurt\/Malatya<\/span>\n\t\t\t\t\t\t\t\t\t<\/li>\n\t\t\t\t\t\t\t\t<li class=\"elementor-icon-list-item\">\n\t\t\t\t\t\t\t\t\t\t\t<a href=\"tel:0552%20120%2044%2044\">\n\n\t\t\t\t\t\t\t\t\t\t\t\t<span class=\"elementor-icon-list-icon\">\n\t\t\t\t\t\t\t<svg aria-hidden=\"true\" class=\"e-font-icon-svg e-fas-phone-square\" viewBox=\"0 0 448 512\" xmlns=\"http:\/\/www.w3.org\/2000\/svg\"><path d=\"M400 32H48C21.49 32 0 53.49 0 80v352c0 26.51 21.49 48 48 48h352c26.51 0 48-21.49 48-48V80c0-26.51-21.49-48-48-48zM94 416c-7.033 0-13.057-4.873-14.616-11.627l-14.998-65a15 15 0 0 1 8.707-17.16l69.998-29.999a15 15 0 0 1 17.518 4.289l30.997 37.885c48.944-22.963 88.297-62.858 110.781-110.78l-37.886-30.997a15.001 15.001 0 0 1-4.289-17.518l30-69.998a15 15 0 0 1 17.16-8.707l65 14.998A14.997 14.997 0 0 1 384 126c0 160.292-129.945 290-290 290z\"><\/path><\/svg>\t\t\t\t\t\t<\/span>\n\t\t\t\t\t\t\t\t\t\t<span class=\"elementor-icon-list-text\">+90 552 120 44 44<\/span>\n\t\t\t\t\t\t\t\t\t\t\t<\/a>\n\t\t\t\t\t\t\t\t\t<\/li>\n\t\t\t\t\t\t\t\t<li class=\"elementor-icon-list-item\">\n\t\t\t\t\t\t\t\t\t\t\t<span class=\"elementor-icon-list-icon\">\n\t\t\t\t\t\t\t<svg aria-hidden=\"true\" class=\"e-font-icon-svg e-fas-phone-square\" viewBox=\"0 0 448 512\" xmlns=\"http:\/\/www.w3.org\/2000\/svg\"><path d=\"M400 32H48C21.49 32 0 53.49 0 80v352c0 26.51 21.49 48 48 48h352c26.51 0 48-21.49 48-48V80c0-26.51-21.49-48-48-48zM94 416c-7.033 0-13.057-4.873-14.616-11.627l-14.998-65a15 15 0 0 1 8.707-17.16l69.998-29.999a15 15 0 0 1 17.518 4.289l30.997 37.885c48.944-22.963 88.297-62.858 110.781-110.78l-37.886-30.997a15.001 15.001 0 0 1-4.289-17.518l30-69.998a15 15 0 0 1 17.16-8.707l65 14.998A14.997 14.997 0 0 1 384 126c0 160.292-129.945 290-290 290z\"><\/path><\/svg>\t\t\t\t\t\t<\/span>\n\t\t\t\t\t\t\t\t\t\t<span class=\"elementor-icon-list-text\">+90 540 836 44 44<\/span>\n\t\t\t\t\t\t\t\t\t<\/li>\n\t\t\t\t\t\t\t\t<li class=\"elementor-icon-list-item\">\n\t\t\t\t\t\t\t\t\t\t\t<span class=\"elementor-icon-list-icon\">\n\t\t\t\t\t\t\t<svg aria-hidden=\"true\" class=\"e-font-icon-svg e-fas-envelope\" viewBox=\"0 0 512 512\" xmlns=\"http:\/\/www.w3.org\/2000\/svg\"><path d=\"M502.3 190.8c3.9-3.1 9.7-.2 9.7 4.7V400c0 26.5-21.5 48-48 48H48c-26.5 0-48-21.5-48-48V195.6c0-5 5.7-7.8 9.7-4.7 22.4 17.4 52.1 39.5 154.1 113.6 21.1 15.4 56.7 47.8 92.2 47.6 35.7.3 72-32.8 92.3-47.6 102-74.1 131.6-96.3 154-113.7zM256 320c23.2.4 56.6-29.2 73.4-41.4 132.7-96.3 142.8-104.7 173.4-128.7 5.8-4.5 9.2-11.5 9.2-18.9v-19c0-26.5-21.5-48-48-48H48C21.5 64 0 85.5 0 112v19c0 7.4 3.4 14.3 9.2 18.9 30.6 23.9 40.7 32.4 173.4 128.7 16.8 12.2 50.2 41.8 73.4 41.4z\"><\/path><\/svg>\t\t\t\t\t\t<\/span>\n\t\t\t\t\t\t\t\t\t\t<span class=\"elementor-icon-list-text\">trendhaliyikamamalatya@gmail.com<\/span>\n\t\t\t\t\t\t\t\t\t<\/li>\n\t\t\t\t\t\t<\/ul>\n\t\t\t\t\t\t<\/div>\n\t\t\t\t<\/div>\n\t\t\t\t<div class=\"elementor-element elementor-element-57985e8 elementor-shape-circle elementor-grid-0 elementor-widget elementor-widget-social-icons\" data-id=\"57985e8\" data-element_type=\"widget\" data-widget_type=\"social-icons.default\">\n\t\t\t\t<div class=\"elementor-widget-container\">\n\t\t\t\t\t\t\t<div class=\"elementor-social-icons-wrapper elementor-grid\">\n\t\t\t\t\t\t\t<span class=\"elementor-grid-item\">\n\t\t\t\t\t<a class=\"elementor-icon elementor-social-icon elementor-social-icon-google-plus-g elementor-repeater-item-5158dc2\" target=\"_blank\">\n\t\t\t\t\t\t<span class=\"elementor-screen-only\">Google-plus-g<\/span>\n\t\t\t\t\t\t<svg class=\"e-font-icon-svg e-fab-google-plus-g\" viewBox=\"0 0 640 512\" xmlns=\"http:\/\/www.w3.org\/2000\/svg\"><path d=\"M386.061 228.496c1.834 9.692 3.143 19.384 3.143 31.956C389.204 370.205 315.599 448 204.8 448c-106.084 0-192-85.915-192-192s85.916-192 192-192c51.864 0 95.083 18.859 128.611 50.292l-52.126 50.03c-14.145-13.621-39.028-29.599-76.485-29.599-65.484 0-118.92 54.221-118.92 121.277 0 67.056 53.436 121.277 118.92 121.277 75.961 0 104.513-54.745 108.965-82.773H204.8v-66.009h181.261zm185.406 6.437V179.2h-56.001v55.733h-55.733v56.001h55.733v55.733h56.001v-55.733H627.2v-56.001h-55.733z\"><\/path><\/svg>\t\t\t\t\t<\/a>\n\t\t\t\t<\/span>\n\t\t\t\t\t\t\t<span class=\"elementor-grid-item\">\n\t\t\t\t\t<a class=\"elementor-icon elementor-social-icon elementor-social-icon-linkedin-in elementor-repeater-item-9813c5e\" target=\"_blank\">\n\t\t\t\t\t\t<span class=\"elementor-screen-only\">Linkedin-in<\/span>\n\t\t\t\t\t\t<svg class=\"e-font-icon-svg e-fab-linkedin-in\" viewBox=\"0 0 448 512\" xmlns=\"http:\/\/www.w3.org\/2000\/svg\"><path d=\"M100.28 448H7.4V148.9h92.88zM53.79 108.1C24.09 108.1 0 83.5 0 53.8a53.79 53.79 0 0 1 107.58 0c0 29.7-24.1 54.3-53.79 54.3zM447.9 448h-92.68V302.4c0-34.7-.7-79.2-48.29-79.2-48.29 0-55.69 37.7-55.69 76.7V448h-92.78V148.9h89.08v40.8h1.3c12.4-23.5 42.69-48.3 87.88-48.3 94 0 111.28 61.9 111.28 142.3V448z\"><\/path><\/svg>\t\t\t\t\t<\/a>\n\t\t\t\t<\/span>\n\t\t\t\t\t\t\t<span class=\"elementor-grid-item\">\n\t\t\t\t\t<a class=\"elementor-icon elementor-social-icon elementor-social-icon-vimeo-v elementor-repeater-item-602040e\" target=\"_blank\">\n\t\t\t\t\t\t<span class=\"elementor-screen-only\">Vimeo-v<\/span>\n\t\t\t\t\t\t<svg class=\"e-font-icon-svg e-fab-vimeo-v\" viewBox=\"0 0 448 512\" xmlns=\"http:\/\/www.w3.org\/2000\/svg\"><path d=\"M447.8 153.6c-2 43.6-32.4 103.3-91.4 179.1-60.9 79.2-112.4 118.8-154.6 118.8-26.1 0-48.2-24.1-66.3-72.3C100.3 250 85.3 174.3 56.2 174.3c-3.4 0-15.1 7.1-35.2 21.1L0 168.2c51.6-45.3 100.9-95.7 131.8-98.5 34.9-3.4 56.3 20.5 64.4 71.5 28.7 181.5 41.4 208.9 93.6 126.7 18.7-29.6 28.8-52.1 30.2-67.6 4.8-45.9-35.8-42.8-63.3-31 22-72.1 64.1-107.1 126.2-105.1 45.8 1.2 67.5 31.1 64.9 89.4z\"><\/path><\/svg>\t\t\t\t\t<\/a>\n\t\t\t\t<\/span>\n\t\t\t\t\t<\/div>\n\t\t\t\t\t\t<\/div>\n\t\t\t\t<\/div>\n\t\t\t\t\t<\/div>\n\t\t<\/div>\n\t\t\t\t\t<\/div>\n\t\t<\/section>\n\t\t\t\t\t<\/div>\n\t\t<\/div>\n\t\t\t\t\t<\/div>\n\t\t<\/section>\n\t\t\t\t<\/div>\n\t\t","protected":false},"excerpt":{"rendered":"<p>Hoca Ahmet Yesevi Caddesi, suffe Sokak No:13\/ 3, 44080 Ye\u015filyurt\/Malatya +90 552 120 44 44 +90 540 836 44 44 trendhaliyikamamalatya@gmail.com Google-plus-g Linkedin-in Vimeo-v<\/p>\n","protected":false},"author":1,"featured_media":0,"parent":0,"menu_order":0,"comment_status":"closed","ping_status":"closed","template":"","meta":{"footnotes":""},"class_list":["post-379","page","type-page","status-publish","hentry"],"yoast_head":"<!-- This site is optimized with the Yoast SEO plugin v24.6 - https:\/\/yoast.com\/wordpress\/plugins\/seo\/ -->\n<title>\u0130leti\u015fim - Trend Hal\u0131 Y\u0131kama - Malatya Hal\u0131 ve Koltuk Y\u0131kama\u00a0<\/title>\n<meta name=\"robots\" content=\"index, follow, max-snippet:-1, max-image-preview:large, max-video-preview:-1\" \/>\n<link rel=\"canonical\" href=\"https:\/\/www.malatyatrendhaliyikama.com\/index.php\/iletisim\/\" \/>\n<meta property=\"og:locale\" content=\"tr_TR\" \/>\n<meta property=\"og:type\" content=\"article\" \/>\n<meta property=\"og:title\" content=\"\u0130leti\u015fim - Trend Hal\u0131 Y\u0131kama - Malatya Hal\u0131 ve Koltuk Y\u0131kama\u00a0\" \/>\n<meta property=\"og:description\" content=\"Hoca Ahmet Yesevi Caddesi, suffe Sokak No:13\/ 3, 44080 Ye\u015filyurt\/Malatya +90 552 120 44 44 +90 540 836 44 44 trendhaliyikamamalatya@gmail.com Google-plus-g Linkedin-in Vimeo-v\" \/>\n<meta property=\"og:url\" content=\"https:\/\/www.malatyatrendhaliyikama.com\/index.php\/iletisim\/\" \/>\n<meta property=\"og:site_name\" content=\"Trend Hal\u0131 Y\u0131kama - Malatya Hal\u0131 ve Koltuk Y\u0131kama\u00a0\" \/>\n<meta property=\"article:modified_time\" content=\"2025-11-21T13:25:05+00:00\" \/>\n<meta name=\"twitter:card\" content=\"summary_large_image\" \/>\n<meta name=\"twitter:label1\" content=\"Tahmini okuma s\u00fcresi\" \/>\n\t<meta name=\"twitter:data1\" content=\"1 dakika\" \/>\n<script type=\"application\/ld+json\" class=\"yoast-schema-graph\">{\"@context\":\"https:\/\/schema.org\",\"@graph\":[{\"@type\":\"WebPage\",\"@id\":\"https:\/\/www.malatyatrendhaliyikama.com\/index.php\/iletisim\/\",\"url\":\"https:\/\/www.malatyatrendhaliyikama.com\/index.php\/iletisim\/\",\"name\":\"\u0130leti\u015fim - Trend Hal\u0131 Y\u0131kama - Malatya Hal\u0131 ve Koltuk Y\u0131kama\u00a0\",\"isPartOf\":{\"@id\":\"https:\/\/www.malatyatrendhaliyikama.com\/#website\"},\"datePublished\":\"2019-01-13T20:45:49+00:00\",\"dateModified\":\"2025-11-21T13:25:05+00:00\",\"breadcrumb\":{\"@id\":\"https:\/\/www.malatyatrendhaliyikama.com\/index.php\/iletisim\/#breadcrumb\"},\"inLanguage\":\"tr\",\"potentialAction\":[{\"@type\":\"ReadAction\",\"target\":[\"https:\/\/www.malatyatrendhaliyikama.com\/index.php\/iletisim\/\"]}]},{\"@type\":\"BreadcrumbList\",\"@id\":\"https:\/\/www.malatyatrendhaliyikama.com\/index.php\/iletisim\/#breadcrumb\",\"itemListElement\":[{\"@type\":\"ListItem\",\"position\":1,\"name\":\"Anasayfa\",\"item\":\"https:\/\/www.malatyatrendhaliyikama.com\/\"},{\"@type\":\"ListItem\",\"position\":2,\"name\":\"\u0130leti\u015fim\"}]},{\"@type\":\"WebSite\",\"@id\":\"https:\/\/www.malatyatrendhaliyikama.com\/#website\",\"url\":\"https:\/\/www.malatyatrendhaliyikama.com\/\",\"name\":\"Trend Hal\u0131 Y\u0131kama-Malatya Hal\u0131 ve Koltuk Y\u0131kama\",\"description\":\"Malatya hal\u0131 y\u0131kama hizmetinde g\u00fcvenilir ve profesyonel bir adres ar\u0131yorsan\u0131z, Trend Hal\u0131 Y\u0131kama tam size g\u00f6re! Son teknoloji ekipmanlar\u0131m\u0131z ve deneyimli ekibimizle hal\u0131lar\u0131n\u0131z\u0131, koltuklar\u0131n\u0131z\u0131, stor perdelerinizi ve di\u011fer e\u015fyalar\u0131n\u0131z\u0131 derinlemesine temizliyoruz. Malatya genelinde h\u0131zl\u0131 servis, uygun fiyat ve %100 hijyen garantisiyle hizmetinizdeyiz. Tertemiz bir ya\u015fam alan\u0131 i\u00e7in hemen bizimle ileti\u015fime ge\u00e7in!\",\"publisher\":{\"@id\":\"https:\/\/www.malatyatrendhaliyikama.com\/#organization\"},\"potentialAction\":[{\"@type\":\"SearchAction\",\"target\":{\"@type\":\"EntryPoint\",\"urlTemplate\":\"https:\/\/www.malatyatrendhaliyikama.com\/?s={search_term_string}\"},\"query-input\":{\"@type\":\"PropertyValueSpecification\",\"valueRequired\":true,\"valueName\":\"search_term_string\"}}],\"inLanguage\":\"tr\"},{\"@type\":\"Organization\",\"@id\":\"https:\/\/www.malatyatrendhaliyikama.com\/#organization\",\"name\":\"Trend Hal\u0131 Y\u0131kama\",\"url\":\"https:\/\/www.malatyatrendhaliyikama.com\/\",\"logo\":{\"@type\":\"ImageObject\",\"inLanguage\":\"tr\",\"@id\":\"https:\/\/www.malatyatrendhaliyikama.com\/#\/schema\/logo\/image\/\",\"url\":\"https:\/\/www.malatyatrendhaliyikama.com\/wp-content\/uploads\/2025\/03\/trendhaliyikama.png\",\"contentUrl\":\"https:\/\/www.malatyatrendhaliyikama.com\/wp-content\/uploads\/2025\/03\/trendhaliyikama.png\",\"width\":620,\"height\":402,\"caption\":\"Trend Hal\u0131 Y\u0131kama\"},\"image\":{\"@id\":\"https:\/\/www.malatyatrendhaliyikama.com\/#\/schema\/logo\/image\/\"}}]}<\/script>\n<!-- \/ Yoast SEO plugin. -->","yoast_head_json":{"title":"\u0130leti\u015fim - Trend Hal\u0131 Y\u0131kama - Malatya Hal\u0131 ve Koltuk Y\u0131kama\u00a0","robots":{"index":"index","follow":"follow","max-snippet":"max-snippet:-1","max-image-preview":"max-image-preview:large","max-video-preview":"max-video-preview:-1"},"canonical":"https:\/\/www.malatyatrendhaliyikama.com\/index.php\/iletisim\/","og_locale":"tr_TR","og_type":"article","og_title":"\u0130leti\u015fim - Trend Hal\u0131 Y\u0131kama - Malatya Hal\u0131 ve Koltuk Y\u0131kama\u00a0","og_description":"Hoca Ahmet Yesevi Caddesi, suffe Sokak No:13\/ 3, 44080 Ye\u015filyurt\/Malatya +90 552 120 44 44 +90 540 836 44 44 trendhaliyikamamalatya@gmail.com Google-plus-g Linkedin-in Vimeo-v","og_url":"https:\/\/www.malatyatrendhaliyikama.com\/index.php\/iletisim\/","og_site_name":"Trend Hal\u0131 Y\u0131kama - Malatya Hal\u0131 ve Koltuk Y\u0131kama\u00a0","article_modified_time":"2025-11-21T13:25:05+00:00","twitter_card":"summary_large_image","twitter_misc":{"Tahmini okuma s\u00fcresi":"1 dakika"},"schema":{"@context":"https:\/\/schema.org","@graph":[{"@type":"WebPage","@id":"https:\/\/www.malatyatrendhaliyikama.com\/index.php\/iletisim\/","url":"https:\/\/www.malatyatrendhaliyikama.com\/index.php\/iletisim\/","name":"\u0130leti\u015fim - Trend Hal\u0131 Y\u0131kama - Malatya Hal\u0131 ve Koltuk Y\u0131kama\u00a0","isPartOf":{"@id":"https:\/\/www.malatyatrendhaliyikama.com\/#website"},"datePublished":"2019-01-13T20:45:49+00:00","dateModified":"2025-11-21T13:25:05+00:00","breadcrumb":{"@id":"https:\/\/www.malatyatrendhaliyikama.com\/index.php\/iletisim\/#breadcrumb"},"inLanguage":"tr","potentialAction":[{"@type":"ReadAction","target":["https:\/\/www.malatyatrendhaliyikama.com\/index.php\/iletisim\/"]}]},{"@type":"BreadcrumbList","@id":"https:\/\/www.malatyatrendhaliyikama.com\/index.php\/iletisim\/#breadcrumb","itemListElement":[{"@type":"ListItem","position":1,"name":"Anasayfa","item":"https:\/\/www.malatyatrendhaliyikama.com\/"},{"@type":"ListItem","position":2,"name":"\u0130leti\u015fim"}]},{"@type":"WebSite","@id":"https:\/\/www.malatyatrendhaliyikama.com\/#website","url":"https:\/\/www.malatyatrendhaliyikama.com\/","name":"Trend Hal\u0131 Y\u0131kama-Malatya Hal\u0131 ve Koltuk Y\u0131kama","description":"Malatya hal\u0131 y\u0131kama hizmetinde g\u00fcvenilir ve profesyonel bir adres ar\u0131yorsan\u0131z, Trend Hal\u0131 Y\u0131kama tam size g\u00f6re! Son teknoloji ekipmanlar\u0131m\u0131z ve deneyimli ekibimizle hal\u0131lar\u0131n\u0131z\u0131, koltuklar\u0131n\u0131z\u0131, stor perdelerinizi ve di\u011fer e\u015fyalar\u0131n\u0131z\u0131 derinlemesine temizliyoruz. Malatya genelinde h\u0131zl\u0131 servis, uygun fiyat ve %100 hijyen garantisiyle hizmetinizdeyiz. Tertemiz bir ya\u015fam alan\u0131 i\u00e7in hemen bizimle ileti\u015fime ge\u00e7in!","publisher":{"@id":"https:\/\/www.malatyatrendhaliyikama.com\/#organization"},"potentialAction":[{"@type":"SearchAction","target":{"@type":"EntryPoint","urlTemplate":"https:\/\/www.malatyatrendhaliyikama.com\/?s={search_term_string}"},"query-input":{"@type":"PropertyValueSpecification","valueRequired":true,"valueName":"search_term_string"}}],"inLanguage":"tr"},{"@type":"Organization","@id":"https:\/\/www.malatyatrendhaliyikama.com\/#organization","name":"Trend Hal\u0131 Y\u0131kama","url":"https:\/\/www.malatyatrendhaliyikama.com\/","logo":{"@type":"ImageObject","inLanguage":"tr","@id":"https:\/\/www.malatyatrendhaliyikama.com\/#\/schema\/logo\/image\/","url":"https:\/\/www.malatyatrendhaliyikama.com\/wp-content\/uploads\/2025\/03\/trendhaliyikama.png","contentUrl":"https:\/\/www.malatyatrendhaliyikama.com\/wp-content\/uploads\/2025\/03\/trendhaliyikama.png","width":620,"height":402,"caption":"Trend Hal\u0131 Y\u0131kama"},"image":{"@id":"https:\/\/www.malatyatrendhaliyikama.com\/#\/schema\/logo\/image\/"}}]}},"_links":{"self":[{"href":"https:\/\/www.malatyatrendhaliyikama.com\/index.php\/wp-json\/wp\/v2\/pages\/379","targetHints":{"allow":["GET"]}}],"collection":[{"href":"https:\/\/www.malatyatrendhaliyikama.com\/index.php\/wp-json\/wp\/v2\/pages"}],"about":[{"href":"https:\/\/www.malatyatrendhaliyikama.com\/index.php\/wp-json\/wp\/v2\/types\/page"}],"author":[{"embeddable":true,"href":"https:\/\/www.malatyatrendhaliyikama.com\/index.php\/wp-json\/wp\/v2\/users\/1"}],"replies":[{"embeddable":true,"href":"https:\/\/www.malatyatrendhaliyikama.com\/index.php\/wp-json\/wp\/v2\/comments?post=379"}],"version-history":[{"count":12,"href":"https:\/\/www.malatyatrendhaliyikama.com\/index.php\/wp-json\/wp\/v2\/pages\/379\/revisions"}],"predecessor-version":[{"id":669,"href":"https:\/\/www.malatyatrendhaliyikama.com\/index.php\/wp-json\/wp\/v2\/pages\/379\/revisions\/669"}],"wp:attachment":[{"href":"https:\/\/www.malatyatrendhaliyikama.com\/index.php\/wp-json\/wp\/v2\/media?parent=379"}],"curies":[{"name":"wp","href":"https:\/\/api.w.org\/{rel}","templated":true}]}}